{"id":2,"date":"2022-03-09T04:32:00","date_gmt":"2022-03-09T04:32:00","guid":{"rendered":"https:\/\/hostalargo.kwebdeveloper.com\/?page_id=2"},"modified":"2022-03-10T10:44:41","modified_gmt":"2022-03-10T10:44:41","slug":"home","status":"publish","type":"page","link":"https:\/\/www.hostalargo.com\/fr\/","title":{"rendered":"Home"},"content":{"rendered":"<div data-elementor-type=\"wp-page\" data-elementor-id=\"2\" class=\"elementor elementor-2\" data-elementor-post-type=\"page\">\n\t\t\t\t\t\t<section class=\"elementor-section elementor-top-section elementor-element elementor-element-bbe2b9d elementor-section-height-full elementor-reverse-tablet_extra elementor-section-boxed elementor-section-height-default elementor-section-items-middle\" data-id=\"bbe2b9d\" data-element_type=\"section\" data-settings=\"{&quot;background_background&quot;:&quot;classic&quot;}\">\n\t\t\t\t\t\t<div class=\"elementor-container elementor-column-gap-default\">\n\t\t\t\t\t<div class=\"elementor-column elementor-col-50 elementor-top-column elementor-element elementor-element-73fc485\" data-id=\"73fc485\" data-element_type=\"column\" data-settings=\"{&quot;background_background&quot;:&quot;classic&quot;}\">\n\t\t\t<div class=\"elementor-widget-wrap elementor-element-populated\">\n\t\t\t\t\t\t<div class=\"elementor-element elementor-element-674f261 elementor-widget__width-auto elementor-absolute elementor-widget elementor-widget-image\" data-id=\"674f261\" data-element_type=\"widget\" data-settings=\"{&quot;_position&quot;:&quot;absolute&quot;,&quot;ekit_we_effect_on&quot;:&quot;none&quot;}\" data-widget_type=\"image.default\">\n\t\t\t\t<div class=\"elementor-widget-container\">\n\t\t\t\t\t\t\t\t\t\t\t\t\t\t\t<img decoding=\"async\" width=\"149\" height=\"151\" src=\"https:\/\/www.hostalargo.com\/wp-content\/uploads\/2022\/03\/10discount.png\" class=\"attachment-full size-full wp-image-504\" alt=\"10discount\" srcset=\"https:\/\/www.hostalargo.com\/wp-content\/uploads\/2022\/03\/10discount.png 149w, https:\/\/www.hostalargo.com\/wp-content\/uploads\/2022\/03\/10discount-12x12.png 12w\" sizes=\"(max-width: 149px) 100vw, 149px\" \/>\t\t\t\t\t\t\t\t\t\t\t\t\t\t\t<\/div>\n\t\t\t\t<\/div>\n\t\t\t\t<div class=\"elementor-element elementor-element-3711c90 elementor-widget elementor-widget-heading\" data-id=\"3711c90\" data-element_type=\"widget\" data-settings=\"{&quot;ekit_we_effect_on&quot;:&quot;none&quot;}\" data-widget_type=\"heading.default\">\n\t\t\t\t<div class=\"elementor-widget-container\">\n\t\t\t\t\t<h2 class=\"elementor-heading-title elementor-size-default\">Hostal Argo<\/h2>\t\t\t\t<\/div>\n\t\t\t\t<\/div>\n\t\t\t\t<div class=\"elementor-element elementor-element-7b1925e elementor-widget elementor-widget-text-editor\" data-id=\"7b1925e\" data-element_type=\"widget\" data-settings=\"{&quot;ekit_we_effect_on&quot;:&quot;none&quot;}\" data-widget_type=\"text-editor.default\">\n\t\t\t\t<div class=\"elementor-widget-container\">\n\t\t\t\t\t\t\t\t\t<p>Hostal Argo , l'exp\u00e9rience urbaine.\u00a0<\/p><p>L\u2019Hostal Argo est une nouvelle maison d'h\u00f4tes tr\u00e8s bien con\u00e7ue, un Urbany hostal,<\/p><p>situ\u00e9e dans le meilleur quartier de Barcelone, l'Eixample, juste devant le march\u00e9 Concepci\u00f3n.<\/p><p>La situation g\u00e9ographique est tr\u00e8s agr\u00e9able et vraiment pratique, le Passeig de Gracia et la place Catalunya sont juste \u00e0 c\u00f4t\u00e9. Tous les plus beaux monuments architecturaux tels que la Segrada-Famila, La Pedrera et la maison Batll\u00f3 de Barcelone sont \u00e9galement \u00e0 une distance de marche tr\u00e8s proche<br \/>Le transport public est \u00e9galement accessible rapidement, vous trouverez tout \u00e0 c\u00f4t\u00e9 le m\u00e9tro, le train et les autobus.<\/p><p>L\u2019Hostal Argo a \u00e9t\u00e9 con\u00e7u par deux jeunes architectes, qui l'ont d\u00e9fini comme un endroit d'une belle simplicit\u00e9, d'une grande fonctionnalit\u00e9 au design minimal tout en \u00e9l\u00e9gance.<br \/>Le design exceptionnel additionn\u00e9 d'un grand confort agr\u00e9mentera sans aucun nul doute merveilleusement vos vacances.<br \/>La maison d'h\u00f4tes Argo poss\u00e8de des chambres doubles et triples, standards ou \u00e9conomiques et des chambres simples, certaines ont une tr\u00e8s belle vue sur la rue et d'autres donnent sur l'int\u00e9rieur du b\u00e2timent. Toutes nos chambres sont \u00e9quip\u00e9es d'air conditionn\u00e9, de TV \u00e9cran plat et d'un acc\u00e8s libre au Wi-Fi.<\/p><p>Nos aires communes ont \u00e9t\u00e9 \u00e9galement, pens\u00e9 et \u00e9labor\u00e9 pour votre confort.<\/p><p>L'\u00e9quipe professionnelle de l'Hostal est disponible 24 heures sur 24, 7 jours sur 7, pour r\u00e9pondre \u00e0 toutes vos attentes, vos questions, vos demandes et recommandations.<\/p><p>R\u00e9servez d\u00e8s maintenant pour vous garantir des vacances urbaines inoubliables \u00e0 Barcelone.<\/p>\t\t\t\t\t\t\t\t<\/div>\n\t\t\t\t<\/div>\n\t\t\t\t\t<\/div>\n\t\t<\/div>\n\t\t\t\t<div class=\"elementor-column elementor-col-50 elementor-top-column elementor-element elementor-element-f91afaf\" data-id=\"f91afaf\" data-element_type=\"column\">\n\t\t\t<div class=\"elementor-widget-wrap\">\n\t\t\t\t\t\t\t<\/div>\n\t\t<\/div>\n\t\t\t\t\t<\/div>\n\t\t<\/section>\n\t\t\t\t<\/div>","protected":false},"excerpt":{"rendered":"<p>Hostal Argo Hostal Argo &#8211; the urban experience.\u00a0 Argo is a totally new, fine designed, urbany hostal. Located in the best neighborhood of Barcelona &#8211; the Eixample, in front of the Concepci\u00f3n market. The location is very convenient &#8211; Passeig de Gracia, and Catalunya Placa are nearby. All of Barcelona&#8217;s architectural attractions, &#8220;Sagrada Familia&#8221;, &#8220;La [&hellip;]<\/p>","protected":false},"author":1,"featured_media":0,"parent":0,"menu_order":0,"comment_status":"closed","ping_status":"closed","template":"elementor_header_footer","meta":{"ocean_post_layout":"full-width","ocean_both_sidebars_style":"","ocean_both_sidebars_content_width":0,"ocean_both_sidebars_sidebars_width":0,"ocean_sidebar":"0","ocean_second_sidebar":"0","ocean_disable_margins":"enable","ocean_add_body_class":"","ocean_shortcode_before_top_bar":"","ocean_shortcode_after_top_bar":"","ocean_shortcode_before_header":"","ocean_shortcode_after_header":"","ocean_has_shortcode":"","ocean_shortcode_after_title":"","ocean_shortcode_before_footer_widgets":"","ocean_shortcode_after_footer_widgets":"","ocean_shortcode_before_footer_bottom":"","ocean_shortcode_after_footer_bottom":"","ocean_display_top_bar":"default","ocean_display_header":"default","ocean_header_style":"","ocean_center_header_left_menu":"0","ocean_custom_header_template":"0","ocean_custom_logo":0,"ocean_custom_retina_logo":0,"ocean_custom_logo_max_width":0,"ocean_custom_logo_tablet_max_width":0,"ocean_custom_logo_mobile_max_width":0,"ocean_custom_logo_max_height":0,"ocean_custom_logo_tablet_max_height":0,"ocean_custom_logo_mobile_max_height":0,"ocean_header_custom_menu":"0","ocean_menu_typo_font_family":"0","ocean_menu_typo_font_subset":"","ocean_menu_typo_font_size":0,"ocean_menu_typo_font_size_tablet":0,"ocean_menu_typo_font_size_mobile":0,"ocean_menu_typo_font_size_unit":"px","ocean_menu_typo_font_weight":"","ocean_menu_typo_font_weight_tablet":"","ocean_menu_typo_font_weight_mobile":"","ocean_menu_typo_transform":"","ocean_menu_typo_transform_tablet":"","ocean_menu_typo_transform_mobile":"","ocean_menu_typo_line_height":0,"ocean_menu_typo_line_height_tablet":0,"ocean_menu_typo_line_height_mobile":0,"ocean_menu_typo_line_height_unit":"","ocean_menu_typo_spacing":0,"ocean_menu_typo_spacing_tablet":0,"ocean_menu_typo_spacing_mobile":0,"ocean_menu_typo_spacing_unit":"","ocean_menu_link_color":"","ocean_menu_link_color_hover":"","ocean_menu_link_color_active":"","ocean_menu_link_background":"","ocean_menu_link_hover_background":"","ocean_menu_link_active_background":"","ocean_menu_social_links_bg":"","ocean_menu_social_hover_links_bg":"","ocean_menu_social_links_color":"","ocean_menu_social_hover_links_color":"","ocean_disable_title":"default","ocean_disable_heading":"default","ocean_post_title":"","ocean_post_subheading":"","ocean_post_title_style":"","ocean_post_title_background_color":"","ocean_post_title_background":0,"ocean_post_title_bg_image_position":"","ocean_post_title_bg_image_attachment":"","ocean_post_title_bg_image_repeat":"","ocean_post_title_bg_image_size":"","ocean_post_title_height":0,"ocean_post_title_bg_overlay":0.5,"ocean_post_title_bg_overlay_color":"","ocean_disable_breadcrumbs":"default","ocean_breadcrumbs_color":"","ocean_breadcrumbs_separator_color":"","ocean_breadcrumbs_links_color":"","ocean_breadcrumbs_links_hover_color":"","ocean_display_footer_widgets":"default","ocean_display_footer_bottom":"default","ocean_custom_footer_template":"0","footnotes":""},"class_list":["post-2","page","type-page","status-publish","hentry","entry"],"_links":{"self":[{"href":"https:\/\/www.hostalargo.com\/fr\/wp-json\/wp\/v2\/pages\/2","targetHints":{"allow":["GET"]}}],"collection":[{"href":"https:\/\/www.hostalargo.com\/fr\/wp-json\/wp\/v2\/pages"}],"about":[{"href":"https:\/\/www.hostalargo.com\/fr\/wp-json\/wp\/v2\/types\/page"}],"author":[{"embeddable":true,"href":"https:\/\/www.hostalargo.com\/fr\/wp-json\/wp\/v2\/users\/1"}],"replies":[{"embeddable":true,"href":"https:\/\/www.hostalargo.com\/fr\/wp-json\/wp\/v2\/comments?post=2"}],"version-history":[{"count":39,"href":"https:\/\/www.hostalargo.com\/fr\/wp-json\/wp\/v2\/pages\/2\/revisions"}],"predecessor-version":[{"id":507,"href":"https:\/\/www.hostalargo.com\/fr\/wp-json\/wp\/v2\/pages\/2\/revisions\/507"}],"wp:attachment":[{"href":"https:\/\/www.hostalargo.com\/fr\/wp-json\/wp\/v2\/media?parent=2"}],"curies":[{"name":"wp","href":"https:\/\/api.w.org\/{rel}","templated":true}]}}